{"id":6,"date":"2021-07-02T10:05:59","date_gmt":"2021-07-02T08:05:59","guid":{"rendered":"http:\/\/cmareflexo.fr\/?page_id=6"},"modified":"2022-01-01T23:12:19","modified_gmt":"2022-01-01T22:12:19","slug":"reflexolgie","status":"publish","type":"page","link":"https:\/\/cmareflexo.fr\/","title":{"rendered":"Bienvenue"},"content":{"rendered":"","protected":false},"excerpt":{"rendered":"","protected":false},"author":1,"featured_media":0,"parent":0,"menu_order":0,"comment_status":"closed","ping_status":"closed","template":"","meta":{"_et_pb_use_builder":"on","_et_pb_old_content":"","_et_gb_content_width":"","footnotes":""},"class_list":["post-6","page","type-page","status-publish","hentry"],"yoast_head":"<!-- This site is optimized with the Yoast SEO plugin v24.1 - https:\/\/yoast.com\/wordpress\/plugins\/seo\/ -->\n<title>Bienvenue - Caroline Peyrac r\u00e9flexologue titre RNCP - tel 07 80 98 10 94<\/title>\n<meta name=\"description\" content=\"Caroline Peyrac - R\u00e9flexologue titre RNCP - sp\u00e9cialisation r\u00e9flexologie p\u00e9rinatale et p\u00e9diatrique Caroline Peyrac r\u00e9flexologue titre RNCP\" \/>\n<meta name=\"robots\" content=\"index, follow, max-snippet:-1, max-image-preview:large, max-video-preview:-1\" \/>\n<link rel=\"canonical\" href=\"https:\/\/cmareflexo.fr\/\" \/>\n<meta property=\"og:locale\" content=\"fr_FR\" \/>\n<meta property=\"og:type\" content=\"article\" \/>\n<meta property=\"og:title\" content=\"Bienvenue - Caroline Peyrac r\u00e9flexologue titre RNCP - tel 07 80 98 10 94\" \/>\n<meta property=\"og:description\" content=\"Caroline Peyrac - R\u00e9flexologue titre RNCP - sp\u00e9cialisation r\u00e9flexologie p\u00e9rinatale et p\u00e9diatrique Caroline Peyrac r\u00e9flexologue titre RNCP\" \/>\n<meta property=\"og:url\" content=\"https:\/\/cmareflexo.fr\/\" \/>\n<meta property=\"og:site_name\" content=\"Caroline Peyrac r\u00e9flexologue titre RNCP\" \/>\n<meta property=\"article:modified_time\" content=\"2022-01-01T22:12:19+00:00\" \/>\n<meta name=\"twitter:card\" content=\"summary_large_image\" \/>\n<script type=\"application\/ld+json\" class=\"yoast-schema-graph\">{\"@context\":\"https:\/\/schema.org\",\"@graph\":[{\"@type\":\"WebPage\",\"@id\":\"https:\/\/cmareflexo.fr\/\",\"url\":\"https:\/\/cmareflexo.fr\/\",\"name\":\"Bienvenue - Caroline Peyrac r\u00e9flexologue titre RNCP - tel 07 80 98 10 94\",\"isPartOf\":{\"@id\":\"https:\/\/cmareflexo.fr\/#website\"},\"datePublished\":\"2021-07-02T08:05:59+00:00\",\"dateModified\":\"2022-01-01T22:12:19+00:00\",\"description\":\"Caroline Peyrac - R\u00e9flexologue titre RNCP - sp\u00e9cialisation r\u00e9flexologie p\u00e9rinatale et p\u00e9diatrique Caroline Peyrac r\u00e9flexologue titre RNCP\",\"breadcrumb\":{\"@id\":\"https:\/\/cmareflexo.fr\/#breadcrumb\"},\"inLanguage\":\"fr-FR\",\"potentialAction\":[{\"@type\":\"ReadAction\",\"target\":[\"https:\/\/cmareflexo.fr\/\"]}]},{\"@type\":\"BreadcrumbList\",\"@id\":\"https:\/\/cmareflexo.fr\/#breadcrumb\",\"itemListElement\":[{\"@type\":\"ListItem\",\"position\":1,\"name\":\"Accueil\",\"item\":\"https:\/\/cmareflexo.fr\/\"},{\"@type\":\"ListItem\",\"position\":2,\"name\":\"Bienvenue\"}]},{\"@type\":\"WebSite\",\"@id\":\"https:\/\/cmareflexo.fr\/#website\",\"url\":\"https:\/\/cmareflexo.fr\/\",\"name\":\"Caroline Peyrac r\u00e9flexologue titre RNCP\",\"description\":\"R\u00e9flexologue titre RNCP-Caroline Peyrac\",\"potentialAction\":[{\"@type\":\"SearchAction\",\"target\":{\"@type\":\"EntryPoint\",\"urlTemplate\":\"https:\/\/cmareflexo.fr\/?s={search_term_string}\"},\"query-input\":{\"@type\":\"PropertyValueSpecification\",\"valueRequired\":true,\"valueName\":\"search_term_string\"}}],\"inLanguage\":\"fr-FR\"}]}<\/script>\n<!-- \/ Yoast SEO plugin. -->","yoast_head_json":{"title":"Bienvenue - Caroline Peyrac r\u00e9flexologue titre RNCP - tel 07 80 98 10 94","description":"Caroline Peyrac - R\u00e9flexologue titre RNCP - sp\u00e9cialisation r\u00e9flexologie p\u00e9rinatale et p\u00e9diatrique Caroline Peyrac r\u00e9flexologue titre RNCP","robots":{"index":"index","follow":"follow","max-snippet":"max-snippet:-1","max-image-preview":"max-image-preview:large","max-video-preview":"max-video-preview:-1"},"canonical":"https:\/\/cmareflexo.fr\/","og_locale":"fr_FR","og_type":"article","og_title":"Bienvenue - Caroline Peyrac r\u00e9flexologue titre RNCP - tel 07 80 98 10 94","og_description":"Caroline Peyrac - R\u00e9flexologue titre RNCP - sp\u00e9cialisation r\u00e9flexologie p\u00e9rinatale et p\u00e9diatrique Caroline Peyrac r\u00e9flexologue titre RNCP","og_url":"https:\/\/cmareflexo.fr\/","og_site_name":"Caroline Peyrac r\u00e9flexologue titre RNCP","article_modified_time":"2022-01-01T22:12:19+00:00","twitter_card":"summary_large_image","schema":{"@context":"https:\/\/schema.org","@graph":[{"@type":"WebPage","@id":"https:\/\/cmareflexo.fr\/","url":"https:\/\/cmareflexo.fr\/","name":"Bienvenue - Caroline Peyrac r\u00e9flexologue titre RNCP - tel 07 80 98 10 94","isPartOf":{"@id":"https:\/\/cmareflexo.fr\/#website"},"datePublished":"2021-07-02T08:05:59+00:00","dateModified":"2022-01-01T22:12:19+00:00","description":"Caroline Peyrac - R\u00e9flexologue titre RNCP - sp\u00e9cialisation r\u00e9flexologie p\u00e9rinatale et p\u00e9diatrique Caroline Peyrac r\u00e9flexologue titre RNCP","breadcrumb":{"@id":"https:\/\/cmareflexo.fr\/#breadcrumb"},"inLanguage":"fr-FR","potentialAction":[{"@type":"ReadAction","target":["https:\/\/cmareflexo.fr\/"]}]},{"@type":"BreadcrumbList","@id":"https:\/\/cmareflexo.fr\/#breadcrumb","itemListElement":[{"@type":"ListItem","position":1,"name":"Accueil","item":"https:\/\/cmareflexo.fr\/"},{"@type":"ListItem","position":2,"name":"Bienvenue"}]},{"@type":"WebSite","@id":"https:\/\/cmareflexo.fr\/#website","url":"https:\/\/cmareflexo.fr\/","name":"Caroline Peyrac r\u00e9flexologue titre RNCP","description":"R\u00e9flexologue titre RNCP-Caroline Peyrac","potentialAction":[{"@type":"SearchAction","target":{"@type":"EntryPoint","urlTemplate":"https:\/\/cmareflexo.fr\/?s={search_term_string}"},"query-input":{"@type":"PropertyValueSpecification","valueRequired":true,"valueName":"search_term_string"}}],"inLanguage":"fr-FR"}]}},"_links":{"self":[{"href":"https:\/\/cmareflexo.fr\/index.php?rest_route=\/wp\/v2\/pages\/6","targetHints":{"allow":["GET"]}}],"collection":[{"href":"https:\/\/cmareflexo.fr\/index.php?rest_route=\/wp\/v2\/pages"}],"about":[{"href":"https:\/\/cmareflexo.fr\/index.php?rest_route=\/wp\/v2\/types\/page"}],"author":[{"embeddable":true,"href":"https:\/\/cmareflexo.fr\/index.php?rest_route=\/wp\/v2\/users\/1"}],"replies":[{"embeddable":true,"href":"https:\/\/cmareflexo.fr\/index.php?rest_route=%2Fwp%2Fv2%2Fcomments&post=6"}],"version-history":[{"count":1,"href":"https:\/\/cmareflexo.fr\/index.php?rest_route=\/wp\/v2\/pages\/6\/revisions"}],"predecessor-version":[{"id":7,"href":"https:\/\/cmareflexo.fr\/index.php?rest_route=\/wp\/v2\/pages\/6\/revisions\/7"}],"wp:attachment":[{"href":"https:\/\/cmareflexo.fr\/index.php?rest_route=%2Fwp%2Fv2%2Fmedia&parent=6"}],"curies":[{"name":"wp","href":"https:\/\/api.w.org\/{rel}","templated":true}]}}